{"id":1486,"date":"2018-07-09T16:59:23","date_gmt":"2018-07-09T14:59:23","guid":{"rendered":"https:\/\/apple.econocom.com\/business\/?page_id=1486"},"modified":"2025-10-21T15:54:28","modified_gmt":"2025-10-21T13:54:28","slug":"politique-relative-aux-cookies","status":"publish","type":"page","link":"https:\/\/apple.econocom.com\/business\/politique-relative-aux-cookies\/","title":{"rendered":"Politique relative aux cookies"},"content":{"rendered":"<div class=\"content\">\n<div class=\"wrapper\">\n<div class=\"field-body\">\n<h3>1. Qu\u2019est qu\u2019un traceur ou cookie\u00a0?<\/h3>\n<p>Le terme de cookies, au sens large, couvre l\u2019ensemble des traceurs d\u00e9pos\u00e9s et ou lus par exemple lors d\u2019une consultation d\u2019un site internet, de la lecture d\u2019un courrier \u00e9lectronique de l\u2019installation ou l\u2019utilisation d\u2019un logiciel ou d\u2019une application mobile.<\/p>\n<p>&nbsp;<\/p>\n<h3>2. Pourquoi Econocom utilise des cookies\u00a0?<\/h3>\n<p>Les diff\u00e9rents types de cookies qu\u2019Econocom utilise sur ses sites Internet sont r\u00e9parties dans les cat\u00e9gories suivantes :<\/p>\n<ul>\n<li><strong>Cookies techniques\u00a0:<\/strong> ils permettent d\u2019enregistrer vos choix de param\u00e9trage pr\u00e9d\u00e9finis dans votre navigateur afin de vous fournir des fonctionnalit\u00e9s am\u00e9lior\u00e9es et plus adapt\u00e9s \u00e0 vos usages. Par exemple, un cookie technique peut prendre en compte votre choix de langue dans votre navigateur. Ces cookies ne peuvent pas suivre votre activit\u00e9 de navigation sur d\u2019autres sites Internet et ne recueillent aucune information vous concernant qui pourrait \u00eatre utilis\u00e9e \u00e0 des fins publicitaires.<\/li>\n<\/ul>\n<ul>\n<li><strong>Cookies de suivi d\u2019audience\u00a0:<\/strong> ils permettent \u00e0 Econocom de recueillir des informations sur la fa\u00e7on dont les visiteurs utilisent les sites Econocom telles que les pages les plus visit\u00e9es, le nombre de visiteurs. Ces informations sont utilis\u00e9es pour mesurer l&rsquo;activit\u00e9 de ces sites web. Cette analyse des donn\u00e9es d&rsquo;utilisation d&rsquo;un service par les internautes permet d&rsquo;apporter des am\u00e9liorations \u00e0 ce service. Toutes les informations recueillies par le biais de ces cookies sont anonymes, et collect\u00e9es dans le seul but de d\u00e9velopper et de suivre les tendances du trafic sur notre site Internet.<\/li>\n<\/ul>\n<\/div>\n<ul id=\"mce_20\" class=\"editor-rich-text__tinymce mce-content-body\" role=\"textbox\" contenteditable=\"true\" aria-label=\"R\u00e9digez une liste\u2026\" aria-autocomplete=\"list\" aria-multiline=\"true\" data-is-placeholder-visible=\"false\">\n<li><strong>Les cookies publicitaires :<\/strong>Ils sont parfois utilis\u00e9s sur nos sites pour vous contacter \u00e0 des fins de marketing correspondant \u00e0 vos centres d&rsquo;int\u00e9r\u00eat. ils sont notamment utilis\u00e9s pour aider \u00e0 mesurer l&rsquo;efficacit\u00e9 d&rsquo;une campagne publicitaire.<\/li>\n<\/ul>\n<div class=\"field-body\">\n<ul>\n<li><strong>Cookies de r\u00e9seaux sociaux\u00a0:<\/strong> \u00a0ils permettent de partager des contenus de notre site avec d\u2019autres personnes via des r\u00e9seaux sociaux. Lorsque vous utilisez les boutons de partage, un cookie tiers est install\u00e9. Si vous \u00eates connect\u00e9s \u00e0 un r\u00e9seau social lors de votre navigation sur nos sites, les boutons de partage permettent de relier les contenus consult\u00e9s \u00e0 votre compte utilisateur sur le r\u00e9seau social. Si vous ne souhaitez pas que le r\u00e9seau social relie les informations collect\u00e9es par l&rsquo;interm\u00e9diaire de nos sites \u00e0 votre compte utilisateur, vous devez auparavant vous d\u00e9connecter du r\u00e9seau social.<\/li>\n<\/ul>\n<h3><\/h3>\n<h3>3. Information et opposition concernant les cookies<\/h3>\n<p>Cookies de suivi d\u2019audience\u00a0:<br \/>\n<a href=\"https:\/\/tools.google.com\/dlpage\/gaoptout?hl=fr\" target=\"_blank\" rel=\"noopener\">Google Analytics<\/a><\/p>\n<p>Cookies r\u00e9seaux sociaux :<br \/>\n<a href=\"https:\/\/www.facebook.com\/about\/ads\" target=\"_blank\" rel=\"noopener\">Facebook,\u00a0<\/a><a href=\"https:\/\/www.linkedin.com\/legal\/cookie-policy?_l=fr_FR\" target=\"_blank\" rel=\"noopener\">LinkedIn<\/a>,\u00a0<a href=\"https:\/\/support.twitter.com\/articles\/20170518\" target=\"_blank\" rel=\"noopener\">Twitter,\u00a0<\/a><a href=\"https:\/\/vimeo.com\/privacy\" target=\"_blank\" rel=\"noopener\">Vim\u00e9o,\u00a0<\/a><a href=\"https:\/\/policies.google.com\/privacy?hl=fr&amp;gl=fr#infosecurity\" target=\"_blank\" rel=\"noopener\">Youtube<\/a><\/p>\n<h3><\/h3>\n<h3>4. Gestion des cookies au niveau des navigateurs<\/h3>\n<p>Si vous ne voulez pas recevoir de cookies ou si vous voulez \u00eatre notifi\u00e9 de leur utilisation, vous pouvez le d\u00e9finir \u00e0 partir de votre navigateur Web. Les modalit\u00e9s de param\u00e9trage et de suppression des cookies sont diff\u00e9rentes. Vous trouverez ci-apr\u00e8s ces modalit\u00e9s pour les principaux navigateurs connus\u00a0:<br \/>\n<a href=\"http:\/\/support.mozilla.org\/fr\/kb\/Activer%20et%20d%C3%A9sactiver%20les%20cookies\" target=\"_blank\" rel=\"noopener\">Firefox<\/a>,\u00a0<a href=\"http:\/\/support.google.com\/chrome\/bin\/answer.py?hl=fr&amp;hlrm=en&amp;answer=95647\" target=\"_blank\" rel=\"noopener\">Chrome<\/a>,\u00a0<a href=\"http:\/\/windows.microsoft.com\/fr-FR\/windows-vista\/Block-or-allow-cookies\" target=\"_blank\" rel=\"noopener\">Internet Explorer<\/a>,\u00a0<a href=\"http:\/\/www.apple.com\/fr\/privacy\/use-of-cookies\" target=\"_blank\" rel=\"noopener\">Safari<\/a>,\u00a0<a href=\"http:\/\/help.opera.com\/Windows\/10.20\/fr\/cookies.html\" target=\"_blank\" rel=\"noopener\">Opera<\/a><\/p>\n<\/div>\n<\/div>\n<\/div>\n<h3><\/h3>\n<h3>5. Dur\u00e9e de conservation des cookies<\/h3>\n<p>Les cookies sont conserv\u00e9s pour une dur\u00e9e maximale de 13 mois \u00e0 compter de leur d\u00e9p\u00f4t sur votre navigateur. A l\u2019expiration de ce d\u00e9lai, votre consentement sera \u00e0 nouveau requis.<\/p>\n<div class=\"content\">\n<h3><\/h3>\n<h3><span style=\"font-size: 16px;\">6. Outils de gestion des cookies<\/span><\/h3>\n<div class=\"wrapper\">\n<div class=\"field-body\">\n<p>Il existe de nombreux outils simples et gratuits sur le march\u00e9 qui permettent de g\u00e9rer et de bloquer en fonction de vos besoins les cookies et autre traceurs.<\/p>\n<p>Quelques outils sont fournis ci-apr\u00e8s \u00e0 titre d\u2019exemple :<\/p>\n<ul>\n<li><a href=\"http:\/\/youradchoices.ca\/fr\/retrait\/\" target=\"_blank\" rel=\"noopener\">YourAdChoices<\/a><\/li>\n<li><a href=\"https:\/\/www.ghostery.com\/fr\/\" target=\"_blank\" rel=\"noopener\">Ghostery<\/a><\/li>\n<li><a href=\"https:\/\/disconnect.me\" target=\"_blank\" rel=\"noopener\">Disconnect<\/a><\/li>\n<\/ul>\n<p>&nbsp;<\/p>\n<h3>7. Charte de protection des donn\u00e9es personnelles du Groupe Econocom<\/h3>\n<p>Pour prendre connaissance de la Charte de protection des donn\u00e9es personnelles du Groupe Econocom, <a href=\"https:\/\/apple.econocom.com\/business\/charte-de-protection-donnees-personnelles\/\">cliquez ici<\/a>.<\/p>\n<\/div>\n<\/div>\n<\/div>\n<div class=\"widgets clearfix\">\n<div id=\"w2255\" class=\"widget clearfix contextual-links-region field-collection-view-final base align-center\">\n<div class=\"wrapper\">\n<div class=\"content\"><\/div>\n<\/div>\n<\/div>\n<\/div>\n","protected":false},"excerpt":{"rendered":"<p class=\"excerpt\">1. Qu\u2019est qu\u2019un traceur ou cookie\u00a0? Le terme de cookies, au sens large, couvre l\u2019ensemble [&hellip;]<\/p>\n","protected":false},"author":10,"featured_media":0,"parent":0,"menu_order":0,"comment_status":"closed","ping_status":"closed","template":"page-ml.php","meta":{"_acf_changed":false,"inline_featured_image":false,"footnotes":""},"class_list":["post-1486","page","type-page","status-publish","hentry"],"acf":[],"yoast_head":"<!-- This site is optimized with the Yoast SEO plugin v27.3 - https:\/\/yoast.com\/product\/yoast-seo-wordpress\/ -->\n<title>Politique relative aux cookies - Apple Econocom Business<\/title>\n<meta name=\"description\" content=\"D\u00e9couvrez la politique relative aux cookies d&#039;Apple Econocom : informations sur l&#039;utilisation des cookies et gestion de vos pr\u00e9f\u00e9rences.\" \/>\n<meta name=\"robots\" content=\"index, follow, max-snippet:-1, max-image-preview:large, max-video-preview:-1\" \/>\n<link rel=\"canonical\" href=\"https:\/\/apple.econocom.com\/business\/politique-relative-aux-cookies\/\" \/>\n<meta property=\"og:locale\" content=\"fr_FR\" \/>\n<meta property=\"og:type\" content=\"article\" \/>\n<meta property=\"og:title\" content=\"Politique relative aux cookies - Apple Econocom Business\" \/>\n<meta property=\"og:description\" content=\"D\u00e9couvrez la politique relative aux cookies d&#039;Apple Econocom : informations sur l&#039;utilisation des cookies et gestion de vos pr\u00e9f\u00e9rences.\" \/>\n<meta property=\"og:url\" content=\"https:\/\/apple.econocom.com\/business\/politique-relative-aux-cookies\/\" \/>\n<meta property=\"og:site_name\" content=\"Apple Econocom Business\" \/>\n<meta property=\"article:modified_time\" content=\"2025-10-21T13:54:28+00:00\" \/>\n<meta name=\"twitter:card\" content=\"summary_large_image\" \/>\n<meta name=\"twitter:label1\" content=\"Dur\u00e9e de lecture estim\u00e9e\" \/>\n\t<meta name=\"twitter:data1\" content=\"3 minutes\" \/>\n<script type=\"application\/ld+json\" class=\"yoast-schema-graph\">{\"@context\":\"https:\\\/\\\/schema.org\",\"@graph\":[{\"@type\":\"WebPage\",\"@id\":\"https:\\\/\\\/apple.econocom.com\\\/business\\\/politique-relative-aux-cookies\\\/\",\"url\":\"https:\\\/\\\/apple.econocom.com\\\/business\\\/politique-relative-aux-cookies\\\/\",\"name\":\"Politique relative aux cookies - Apple Econocom Business\",\"isPartOf\":{\"@id\":\"https:\\\/\\\/apple.econocom.com\\\/business\\\/#website\"},\"datePublished\":\"2018-07-09T14:59:23+00:00\",\"dateModified\":\"2025-10-21T13:54:28+00:00\",\"description\":\"D\u00e9couvrez la politique relative aux cookies d'Apple Econocom : informations sur l'utilisation des cookies et gestion de vos pr\u00e9f\u00e9rences.\",\"breadcrumb\":{\"@id\":\"https:\\\/\\\/apple.econocom.com\\\/business\\\/politique-relative-aux-cookies\\\/#breadcrumb\"},\"inLanguage\":\"fr-FR\",\"potentialAction\":[{\"@type\":\"ReadAction\",\"target\":[\"https:\\\/\\\/apple.econocom.com\\\/business\\\/politique-relative-aux-cookies\\\/\"]}]},{\"@type\":\"BreadcrumbList\",\"@id\":\"https:\\\/\\\/apple.econocom.com\\\/business\\\/politique-relative-aux-cookies\\\/#breadcrumb\",\"itemListElement\":[{\"@type\":\"ListItem\",\"position\":1,\"name\":\"Accueil\",\"item\":\"https:\\\/\\\/apple.econocom.com\\\/business\\\/\"},{\"@type\":\"ListItem\",\"position\":2,\"name\":\"Politique relative aux cookies\"}]},{\"@type\":\"WebSite\",\"@id\":\"https:\\\/\\\/apple.econocom.com\\\/business\\\/#website\",\"url\":\"https:\\\/\\\/apple.econocom.com\\\/business\\\/\",\"name\":\"Apple Econocom Business\",\"description\":\"econocom - Apple Premium Business Partner\",\"potentialAction\":[{\"@type\":\"SearchAction\",\"target\":{\"@type\":\"EntryPoint\",\"urlTemplate\":\"https:\\\/\\\/apple.econocom.com\\\/business\\\/?s={search_term_string}\"},\"query-input\":{\"@type\":\"PropertyValueSpecification\",\"valueRequired\":true,\"valueName\":\"search_term_string\"}}],\"inLanguage\":\"fr-FR\"}]}<\/script>\n<!-- \/ Yoast SEO plugin. -->","yoast_head_json":{"title":"Politique relative aux cookies - Apple Econocom Business","description":"D\u00e9couvrez la politique relative aux cookies d'Apple Econocom : informations sur l'utilisation des cookies et gestion de vos pr\u00e9f\u00e9rences.","robots":{"index":"index","follow":"follow","max-snippet":"max-snippet:-1","max-image-preview":"max-image-preview:large","max-video-preview":"max-video-preview:-1"},"canonical":"https:\/\/apple.econocom.com\/business\/politique-relative-aux-cookies\/","og_locale":"fr_FR","og_type":"article","og_title":"Politique relative aux cookies - Apple Econocom Business","og_description":"D\u00e9couvrez la politique relative aux cookies d'Apple Econocom : informations sur l'utilisation des cookies et gestion de vos pr\u00e9f\u00e9rences.","og_url":"https:\/\/apple.econocom.com\/business\/politique-relative-aux-cookies\/","og_site_name":"Apple Econocom Business","article_modified_time":"2025-10-21T13:54:28+00:00","twitter_card":"summary_large_image","twitter_misc":{"Dur\u00e9e de lecture estim\u00e9e":"3 minutes"},"schema":{"@context":"https:\/\/schema.org","@graph":[{"@type":"WebPage","@id":"https:\/\/apple.econocom.com\/business\/politique-relative-aux-cookies\/","url":"https:\/\/apple.econocom.com\/business\/politique-relative-aux-cookies\/","name":"Politique relative aux cookies - Apple Econocom Business","isPartOf":{"@id":"https:\/\/apple.econocom.com\/business\/#website"},"datePublished":"2018-07-09T14:59:23+00:00","dateModified":"2025-10-21T13:54:28+00:00","description":"D\u00e9couvrez la politique relative aux cookies d'Apple Econocom : informations sur l'utilisation des cookies et gestion de vos pr\u00e9f\u00e9rences.","breadcrumb":{"@id":"https:\/\/apple.econocom.com\/business\/politique-relative-aux-cookies\/#breadcrumb"},"inLanguage":"fr-FR","potentialAction":[{"@type":"ReadAction","target":["https:\/\/apple.econocom.com\/business\/politique-relative-aux-cookies\/"]}]},{"@type":"BreadcrumbList","@id":"https:\/\/apple.econocom.com\/business\/politique-relative-aux-cookies\/#breadcrumb","itemListElement":[{"@type":"ListItem","position":1,"name":"Accueil","item":"https:\/\/apple.econocom.com\/business\/"},{"@type":"ListItem","position":2,"name":"Politique relative aux cookies"}]},{"@type":"WebSite","@id":"https:\/\/apple.econocom.com\/business\/#website","url":"https:\/\/apple.econocom.com\/business\/","name":"Apple Econocom Business","description":"econocom - Apple Premium Business Partner","potentialAction":[{"@type":"SearchAction","target":{"@type":"EntryPoint","urlTemplate":"https:\/\/apple.econocom.com\/business\/?s={search_term_string}"},"query-input":{"@type":"PropertyValueSpecification","valueRequired":true,"valueName":"search_term_string"}}],"inLanguage":"fr-FR"}]}},"_links":{"self":[{"href":"https:\/\/apple.econocom.com\/business\/wp-json\/wp\/v2\/pages\/1486","targetHints":{"allow":["GET"]}}],"collection":[{"href":"https:\/\/apple.econocom.com\/business\/wp-json\/wp\/v2\/pages"}],"about":[{"href":"https:\/\/apple.econocom.com\/business\/wp-json\/wp\/v2\/types\/page"}],"author":[{"embeddable":true,"href":"https:\/\/apple.econocom.com\/business\/wp-json\/wp\/v2\/users\/10"}],"replies":[{"embeddable":true,"href":"https:\/\/apple.econocom.com\/business\/wp-json\/wp\/v2\/comments?post=1486"}],"version-history":[{"count":1,"href":"https:\/\/apple.econocom.com\/business\/wp-json\/wp\/v2\/pages\/1486\/revisions"}],"predecessor-version":[{"id":10264,"href":"https:\/\/apple.econocom.com\/business\/wp-json\/wp\/v2\/pages\/1486\/revisions\/10264"}],"wp:attachment":[{"href":"https:\/\/apple.econocom.com\/business\/wp-json\/wp\/v2\/media?parent=1486"}],"curies":[{"name":"wp","href":"https:\/\/api.w.org\/{rel}","templated":true}]}}