{"id":1488,"date":"2018-07-09T17:00:25","date_gmt":"2018-07-09T15:00:25","guid":{"rendered":"https:\/\/apple.econocom.com\/business\/?page_id=1488"},"modified":"2025-10-21T15:54:27","modified_gmt":"2025-10-21T13:54:27","slug":"charte-de-protection-donnees-personnelles","status":"publish","type":"page","link":"https:\/\/apple.econocom.com\/business\/charte-de-protection-donnees-personnelles\/","title":{"rendered":"Charte de Protection des donn\u00e9es personnelles"},"content":{"rendered":"<div class=\"content\">\n<div class=\"wrapper\">\n<div class=\"field-body\">\n<h3>Introduction<\/h3>\n<p>Cette charte de protection des donn\u00e9es personnelles vous informe sur les engagements d\u2019Econocom quand des informations personnelles vous concernant sont collect\u00e9es via son site Web \u00ab\u00a0Corporate\u00a0\u00bb et l\u2019utilisation qu\u2019Econocom en fait. Elle s\u2019applique aux seuls sites Internet d\u2019Econocom Group SE et\/ou des soci\u00e9t\u00e9s contr\u00f4l\u00e9es par Econocom Group SE (collectivement Econocom) qui poss\u00e8dent un lien avec le pr\u00e9sent texte. Elle ne s\u2019applique pas aux sites Internet d\u2019Econocom qui publient leur propre charte de confidentialit\u00e9.<\/p>\n<p>&nbsp;<\/p>\n<h3>Donn\u00e9es personnelles qui peuvent \u00eatre collect\u00e9es via nos sites Internet<\/h3>\n<p>Vous pouvez visiter les sites Internet d\u2019Econocom sans qu\u2019il soit besoin de communiquer de donn\u00e9es personnelles vous concernant.<\/p>\n<p>Toutefois, pour acc\u00e9der \u00e0 certains services disponibles sur les sites comme le t\u00e9l\u00e9chargement de certains documents ou formulaires, ou pour recevoir des informations, vous abonner \u00e0 une newsletter, ou encore dans le cadre d\u2019une autre utilisation sp\u00e9cifique, Econocom peut \u00eatre amen\u00e9e \u00e0 vous demander des donn\u00e9es personnelles. La communication de donn\u00e9es personnelles dans ce cadre est volontaire. Si vous ne souhaitez pas les communiquer, vous ne pourrez simplement pas b\u00e9n\u00e9ficier des services disponibles sur le site d\u2019Econocom.<\/p>\n<p>Econocom pourra compl\u00e9ter cette charte par des informations suppl\u00e9mentaires propres \u00e0 une interaction sp\u00e9cifique avec vous.<\/p>\n<p>Les donn\u00e9es personnelles collect\u00e9es sur les sites Internet d\u2019Econocom sont :<\/p>\n<p>\u2022\u00a0<u>Pour nous contacter via le site<\/u>\u00a0: des informations personnelles telles que votre nom, votre adresse, votre adresse de courrier \u00e9lectronique, votre fonction ou votre num\u00e9ro de t\u00e9l\u00e9phone;<\/p>\n<p>\u2022\u00a0<u>Pour d\u00e9poser une candidature <\/u>: des informations personnelles telles que vos noms, pr\u00e9noms, adresse de courrier \u00e9lectronique, votre Curriculum Vitae ou une lettre de candidature\u00a0;<\/p>\n<p>\u2022\u00a0<u>Pour vous inscrire sur notre site <\/u>: des informations personnelles telles que votre nom et vos coordonn\u00e9es professionnelles, ainsi que d&rsquo;autres informations relatives \u00e0 votre demande qui peuvent \u00eatre collect\u00e9es par le biais de formulaire sp\u00e9cifiques\u00a0;<\/p>\n<p>\u2022\u00a0<u>Pour acc\u00e9der \u00e0 nos services en ligne<\/u>\u00a0: des informations personnelles telles que votre nom, pr\u00e9nom, num\u00e9ro de t\u00e9l\u00e9phone, adresse de courrier \u00e9lectronique, ainsi que d\u2019autres informations relative \u00e0 votre demande qui sont collect\u00e9es par le biais de formulaires sp\u00e9cifiques.<\/p>\n<p>Les donn\u00e9es personnelles qui vous sont demand\u00e9es peuvent l\u2019\u00eatre \u00e0 titre optionnel ou obligatoire.<\/p>\n<p>&nbsp;<\/p>\n<h3>Comment sont utilis\u00e9es vos donn\u00e9es personnelles<\/h3>\n<p>Vos donn\u00e9es personnelles ne font l\u2019objet de traitement par Econocom que si le traitement est n\u00e9cessaire \u00e0 l\u2019ex\u00e9cution d\u2019un contrat, rel\u00e8ve de l\u2019int\u00e9r\u00eat l\u00e9gitime d\u2019Econocom ou si vous y avez consenti de mani\u00e8re expresse.<\/p>\n<p>Ainsi, vos donn\u00e9es personnelles sont utilis\u00e9es pour\u00a0:<\/p>\n<p>\u2022\u00a0<u>Communiquer<\/u> : \u00a0donner suite \u00e0 vos demandes, r\u00e9pondre \u00e0 vos commentaires, vous envoyer la documentation demand\u00e9e par courrier \u00e9lectronique.<\/p>\n<p>\u2022\u00a0<u>Recrute<\/u>r\u00a0: utiliser votre curriculum vitae ou votre candidature en ligne pour un recrutement, ce qui implique que nous pouvons vous contacter par courrier \u00e9lectronique, par t\u00e9l\u00e9phone ou par courrier postal.<\/p>\n<p>\u2022\u00a0<u>S\u2019inscrire<\/u>\u00a0: pour recevoir nos publications ou newsletter ou les t\u00e9l\u00e9charger \u00e0 partir de notre site. Certaines donn\u00e9es pourront \u00eatre demand\u00e9es par le biais de formulaire sp\u00e9cifique dans le cadre d\u2019un \u00e9v\u00e9nement particulier. Si l\u2019\u00e9v\u00e9nement est couvert avec des partenaires, les informations que vous communiquerez peuvent \u00eatre recueillies par ce tiers ou partag\u00e9s avec lui. Il vous appartient alors de v\u00e9rifier la mani\u00e8re dont ce tiers utilise vos informations. Nous conserverons vos informations pour les futures interactions potentielles avec vous.<\/p>\n<p>\u2022\u00a0<u>Services en ligne<\/u>\u00a0: pour que les clients de l\u2019activit\u00e9 TMF puisse acc\u00e9der aux services de d\u00e9claration de sinistre en ligne sur le mat\u00e9riel lou\u00e9 par Econocom.<\/p>\n<p>&nbsp;<\/p>\n<h3>Informations non personnelles collect\u00e9es automatiquement<\/h3>\n<p>Econocom s\u2019est engag\u00e9 \u00e0 maintenir le caract\u00e8re confidentiel de l\u2019identit\u00e9 des visiteurs de son site Web. Econocom peut fournir des statistiques globales concernant les visiteurs du site, des donn\u00e9es analysant leur profil et d\u2019autres informations \u00e0 des tiers relatives au site. Ces statistiques ne comportent en aucun cas des informations permettant l\u2019identification des personnes.<\/p>\n<p>&nbsp;<\/p>\n<h3>Identification des visiteurs<\/h3>\n<p>Econocom utilise des cookies et autres traceurs sur ses sites Internet. Pour en savoir plus sur leur utilisation et pour les param\u00e9trer, veuillez consulter <a href=\"https:\/\/www.econocom.com\/fr\/cookies\">notre politique relative aux cookies<\/a>.<\/p>\n<h3>Mineurs<\/h3>\n<p>Aucune information ne peut \u00eatre fournie \u00e0 Econocom par des personnes \u00e2g\u00e9es de moins de 16 ans, sans l\u2019accord pr\u00e9alable d\u2019un parent ou d\u2019un repr\u00e9sentant l\u00e9gal.<\/p>\n<p>&nbsp;<\/p>\n<h3>S\u00e9curit\u00e9<\/h3>\n<p>Econocom a mis en place les mesures techniques et organisationnelles n\u00e9cessaires pour emp\u00eacher tout acc\u00e8s non autoris\u00e9, mauvaise utilisation, divulgation, modification non autoris\u00e9e, destruction ill\u00e9gale ou perte accidentelle de vos donn\u00e9es personnelles.<\/p>\n<p>Toutefois, le fait de fournir des donn\u00e9es personnelles (que ce soit en direct sur le site, par t\u00e9l\u00e9phone ou par Internet) n\u2019est jamais sans risque et les syst\u00e8mes de communication \u00e9lectronique ne peuvent \u00eatre totalement prot\u00e9g\u00e9s contre le \u00ab sabotage \u00bb ou le \u00ab piratage \u00bb. Le r\u00e9seau Internet est un syst\u00e8me ouvert et non s\u00e9curis\u00e9 et Econocom ne peut \u00eatre tenue responsable de la s\u00e9curit\u00e9 des transmissions des donn\u00e9es personnelles.<\/p>\n<p>&nbsp;<\/p>\n<h3>Dur\u00e9e de conservation des informations personnelles<\/h3>\n<p>Econocom ne conserve vos donn\u00e9es personnelles que dans la mesure o\u00f9 cela est n\u00e9cessaire \u00e0 la finalit\u00e9 du traitement mis en \u0153uvre, en tenant compte de la n\u00e9cessit\u00e9 de r\u00e9pondre aux questions ou r\u00e9soudre les difficult\u00e9s, d\u2019am\u00e9liorer ou de proposer de nouveaux services et de se conformer \u00e0 ses obligations l\u00e9gales en la mati\u00e8re (par exemple, d\u00e9lais de conservation comptables et l\u00e9gaux). Cela signifie qu\u2019Econocom est amen\u00e9e \u00e0 conserver vos donn\u00e9es personnelles pendant une p\u00e9riode raisonnable apr\u00e8s la fin du traitement, conforme aux obligations l\u00e9gales et r\u00e9glementaires qui s\u2019appliquent \u00e0 Econocom (par exemple, d\u00e9lais de conservation comptables et l\u00e9gaux) et suffisante pour le r\u00e8glement des diff\u00e9rends, l\u2019exercice ou la d\u00e9fense des droits d\u2019Econocom dans les pays o\u00f9 Econocom est implant\u00e9e.<\/p>\n<p>Quand les donn\u00e9es personnelles que nous collectons ne sont plus n\u00e9cessaires, Econocom les d\u00e9truit ou les efface de mani\u00e8re s\u00e9curis\u00e9e.<\/p>\n<p>&nbsp;<\/p>\n<h3>A qui sont destin\u00e9es vos donn\u00e9es personnelles<\/h3>\n<p>Vos donn\u00e9es personnelles collect\u00e9es via le site Internet sont destin\u00e9es \u00e0 la seule utilisation d\u2019Econocom et utilis\u00e9es dans la mesure n\u00e9cessaire \u00e0 l&rsquo;accomplissement des finalit\u00e9s indiqu\u00e9es dans la pr\u00e9sente charte.<\/p>\n<p>Econocom ne vend ni ne communique d\u2019une quelconque fa\u00e7on vos donn\u00e9es personnelles \u00e0 des tiers.<\/p>\n<p>Compte tenu de la dimension internationale du Groupe Econocom, les donn\u00e9es personnelles collect\u00e9es par Econocom peuvent \u00eatre conserv\u00e9es et trait\u00e9es dans, ou transf\u00e9r\u00e9es entre, n\u2019importe quels pays o\u00f9 le groupe Econocom a une activit\u00e9. Cependant, Econocom ne conf\u00e8re d\u2019acc\u00e8s \u00e0 vos donn\u00e9es personnelles entre les filiales du Groupe Econocom que si cela est n\u00e9cessaire.<\/p>\n<p>Dans le cas o\u00f9 des donn\u00e9es personnelles sont transf\u00e9r\u00e9es vers des pays situ\u00e9s hors de l\u2019Espace Economique Europ\u00e9en (EEE) qui n\u2019assurent pas un niveau de protection ad\u00e9quate, nous nous assurons que les clauses contractuelles types vis\u00e9es par la d\u00e9cision de la Commission Europ\u00e9enne du 5 f\u00e9vrier 2010 (2010\/87\/EC), applicables en cas de transfert de donn\u00e9es personnelles \u00e0 un sous-traitant \u00e9tabli dans un pays tiers, s\u2019appliquent \u00e0 l\u2019organisation qui re\u00e7oit les donn\u00e9es personnelles.<\/p>\n<p>&nbsp;<\/p>\n<h3>Comment exercer vos droits<\/h3>\n<p>Vous disposez\u00a0\u00e0 tout moment\u00a0d\u2019un droit d\u2019acc\u00e8s \u00e0 vos informations personnelles. Vous disposez aussi du droit de demander la rectification et l\u2019effacement, le droit \u00e0 la limitation et \u00e0 l\u2019opposition au \u00a0traitement et le droit \u00e0 la portabilit\u00e9 dans les conditions pr\u00e9vues par la r\u00e9glementations applicables.<\/p>\n<p>Si vous avez des questions sur la charte de confidentialit\u00e9 ou souhaitez exercer vos droits, il vous suffit de vous connecter \u00e0\u00a0l\u2019adresse suivante <a href=\"mailto:dpo@econocom.com\">dpo@econocom.com<\/a>. Enfin vous avez le droit d\u2019introduire une r\u00e9clamation aupr\u00e8s de la Commission Nationale de l\u2019Informatique et des Libert\u00e9s (CNIL), autorit\u00e9 de contr\u00f4le en charge du respect des obligations en mati\u00e8re de donn\u00e9es \u00e0 caract\u00e8re personnel.<\/p>\n<p>&nbsp;<\/p>\n<h3>Modifications<\/h3>\n<p>Econocom se r\u00e9serve le droit de modifier la pr\u00e9sente charte de confidentialit\u00e9 ainsi que de modifier ou de supprimer l\u2019acc\u00e8s \u00e0 ce site ; Econocom pourra aussi modifier son contenu \u00e0 tout moment, avec ou sans pr\u00e9avis.<\/p>\n<\/div>\n<\/div>\n<\/div>\n","protected":false},"excerpt":{"rendered":"<p class=\"excerpt\">Introduction Cette charte de protection des donn\u00e9es personnelles vous informe sur les engagements d\u2019Econocom quand [&hellip;]<\/p>\n","protected":false},"author":10,"featured_media":0,"parent":0,"menu_order":0,"comment_status":"closed","ping_status":"closed","template":"page-ml.php","meta":{"_acf_changed":false,"inline_featured_image":false,"footnotes":""},"class_list":["post-1488","page","type-page","status-publish","hentry"],"acf":[],"yoast_head":"<!-- This site is optimized with the Yoast SEO plugin v27.3 - https:\/\/yoast.com\/product\/yoast-seo-wordpress\/ -->\n<title>Charte de Protection des donn\u00e9es personnelles - Apple Econocom Business<\/title>\n<meta name=\"description\" content=\"D\u00e9couvrez la charte de protection des donn\u00e9es personnelles d\u2019Econocom. Consultez nos engagements pour garantir la s\u00e9curit\u00e9 et la confidentialit\u00e9 de vos informations.\" \/>\n<meta name=\"robots\" content=\"index, follow, max-snippet:-1, max-image-preview:large, max-video-preview:-1\" \/>\n<link rel=\"canonical\" href=\"https:\/\/apple.econocom.com\/business\/charte-de-protection-donnees-personnelles\/\" \/>\n<meta property=\"og:locale\" content=\"fr_FR\" \/>\n<meta property=\"og:type\" content=\"article\" \/>\n<meta property=\"og:title\" content=\"Charte de Protection des donn\u00e9es personnelles - Apple Econocom Business\" \/>\n<meta property=\"og:description\" content=\"D\u00e9couvrez la charte de protection des donn\u00e9es personnelles d\u2019Econocom. Consultez nos engagements pour garantir la s\u00e9curit\u00e9 et la confidentialit\u00e9 de vos informations.\" \/>\n<meta property=\"og:url\" content=\"https:\/\/apple.econocom.com\/business\/charte-de-protection-donnees-personnelles\/\" \/>\n<meta property=\"og:site_name\" content=\"Apple Econocom Business\" \/>\n<meta property=\"article:modified_time\" content=\"2025-10-21T13:54:27+00:00\" \/>\n<meta name=\"twitter:card\" content=\"summary_large_image\" \/>\n<meta name=\"twitter:label1\" content=\"Dur\u00e9e de lecture estim\u00e9e\" \/>\n\t<meta name=\"twitter:data1\" content=\"7 minutes\" \/>\n<script type=\"application\/ld+json\" class=\"yoast-schema-graph\">{\"@context\":\"https:\\\/\\\/schema.org\",\"@graph\":[{\"@type\":\"WebPage\",\"@id\":\"https:\\\/\\\/apple.econocom.com\\\/business\\\/charte-de-protection-donnees-personnelles\\\/\",\"url\":\"https:\\\/\\\/apple.econocom.com\\\/business\\\/charte-de-protection-donnees-personnelles\\\/\",\"name\":\"Charte de Protection des donn\u00e9es personnelles - Apple Econocom Business\",\"isPartOf\":{\"@id\":\"https:\\\/\\\/apple.econocom.com\\\/business\\\/#website\"},\"datePublished\":\"2018-07-09T15:00:25+00:00\",\"dateModified\":\"2025-10-21T13:54:27+00:00\",\"description\":\"D\u00e9couvrez la charte de protection des donn\u00e9es personnelles d\u2019Econocom. Consultez nos engagements pour garantir la s\u00e9curit\u00e9 et la confidentialit\u00e9 de vos informations.\",\"breadcrumb\":{\"@id\":\"https:\\\/\\\/apple.econocom.com\\\/business\\\/charte-de-protection-donnees-personnelles\\\/#breadcrumb\"},\"inLanguage\":\"fr-FR\",\"potentialAction\":[{\"@type\":\"ReadAction\",\"target\":[\"https:\\\/\\\/apple.econocom.com\\\/business\\\/charte-de-protection-donnees-personnelles\\\/\"]}]},{\"@type\":\"BreadcrumbList\",\"@id\":\"https:\\\/\\\/apple.econocom.com\\\/business\\\/charte-de-protection-donnees-personnelles\\\/#breadcrumb\",\"itemListElement\":[{\"@type\":\"ListItem\",\"position\":1,\"name\":\"Accueil\",\"item\":\"https:\\\/\\\/apple.econocom.com\\\/business\\\/\"},{\"@type\":\"ListItem\",\"position\":2,\"name\":\"Charte de Protection des donn\u00e9es personnelles\"}]},{\"@type\":\"WebSite\",\"@id\":\"https:\\\/\\\/apple.econocom.com\\\/business\\\/#website\",\"url\":\"https:\\\/\\\/apple.econocom.com\\\/business\\\/\",\"name\":\"Apple Econocom Business\",\"description\":\"econocom - Apple Premium Business Partner\",\"potentialAction\":[{\"@type\":\"SearchAction\",\"target\":{\"@type\":\"EntryPoint\",\"urlTemplate\":\"https:\\\/\\\/apple.econocom.com\\\/business\\\/?s={search_term_string}\"},\"query-input\":{\"@type\":\"PropertyValueSpecification\",\"valueRequired\":true,\"valueName\":\"search_term_string\"}}],\"inLanguage\":\"fr-FR\"}]}<\/script>\n<!-- \/ Yoast SEO plugin. -->","yoast_head_json":{"title":"Charte de Protection des donn\u00e9es personnelles - Apple Econocom Business","description":"D\u00e9couvrez la charte de protection des donn\u00e9es personnelles d\u2019Econocom. Consultez nos engagements pour garantir la s\u00e9curit\u00e9 et la confidentialit\u00e9 de vos informations.","robots":{"index":"index","follow":"follow","max-snippet":"max-snippet:-1","max-image-preview":"max-image-preview:large","max-video-preview":"max-video-preview:-1"},"canonical":"https:\/\/apple.econocom.com\/business\/charte-de-protection-donnees-personnelles\/","og_locale":"fr_FR","og_type":"article","og_title":"Charte de Protection des donn\u00e9es personnelles - Apple Econocom Business","og_description":"D\u00e9couvrez la charte de protection des donn\u00e9es personnelles d\u2019Econocom. Consultez nos engagements pour garantir la s\u00e9curit\u00e9 et la confidentialit\u00e9 de vos informations.","og_url":"https:\/\/apple.econocom.com\/business\/charte-de-protection-donnees-personnelles\/","og_site_name":"Apple Econocom Business","article_modified_time":"2025-10-21T13:54:27+00:00","twitter_card":"summary_large_image","twitter_misc":{"Dur\u00e9e de lecture estim\u00e9e":"7 minutes"},"schema":{"@context":"https:\/\/schema.org","@graph":[{"@type":"WebPage","@id":"https:\/\/apple.econocom.com\/business\/charte-de-protection-donnees-personnelles\/","url":"https:\/\/apple.econocom.com\/business\/charte-de-protection-donnees-personnelles\/","name":"Charte de Protection des donn\u00e9es personnelles - Apple Econocom Business","isPartOf":{"@id":"https:\/\/apple.econocom.com\/business\/#website"},"datePublished":"2018-07-09T15:00:25+00:00","dateModified":"2025-10-21T13:54:27+00:00","description":"D\u00e9couvrez la charte de protection des donn\u00e9es personnelles d\u2019Econocom. Consultez nos engagements pour garantir la s\u00e9curit\u00e9 et la confidentialit\u00e9 de vos informations.","breadcrumb":{"@id":"https:\/\/apple.econocom.com\/business\/charte-de-protection-donnees-personnelles\/#breadcrumb"},"inLanguage":"fr-FR","potentialAction":[{"@type":"ReadAction","target":["https:\/\/apple.econocom.com\/business\/charte-de-protection-donnees-personnelles\/"]}]},{"@type":"BreadcrumbList","@id":"https:\/\/apple.econocom.com\/business\/charte-de-protection-donnees-personnelles\/#breadcrumb","itemListElement":[{"@type":"ListItem","position":1,"name":"Accueil","item":"https:\/\/apple.econocom.com\/business\/"},{"@type":"ListItem","position":2,"name":"Charte de Protection des donn\u00e9es personnelles"}]},{"@type":"WebSite","@id":"https:\/\/apple.econocom.com\/business\/#website","url":"https:\/\/apple.econocom.com\/business\/","name":"Apple Econocom Business","description":"econocom - Apple Premium Business Partner","potentialAction":[{"@type":"SearchAction","target":{"@type":"EntryPoint","urlTemplate":"https:\/\/apple.econocom.com\/business\/?s={search_term_string}"},"query-input":{"@type":"PropertyValueSpecification","valueRequired":true,"valueName":"search_term_string"}}],"inLanguage":"fr-FR"}]}},"_links":{"self":[{"href":"https:\/\/apple.econocom.com\/business\/wp-json\/wp\/v2\/pages\/1488","targetHints":{"allow":["GET"]}}],"collection":[{"href":"https:\/\/apple.econocom.com\/business\/wp-json\/wp\/v2\/pages"}],"about":[{"href":"https:\/\/apple.econocom.com\/business\/wp-json\/wp\/v2\/types\/page"}],"author":[{"embeddable":true,"href":"https:\/\/apple.econocom.com\/business\/wp-json\/wp\/v2\/users\/10"}],"replies":[{"embeddable":true,"href":"https:\/\/apple.econocom.com\/business\/wp-json\/wp\/v2\/comments?post=1488"}],"version-history":[{"count":1,"href":"https:\/\/apple.econocom.com\/business\/wp-json\/wp\/v2\/pages\/1488\/revisions"}],"predecessor-version":[{"id":10257,"href":"https:\/\/apple.econocom.com\/business\/wp-json\/wp\/v2\/pages\/1488\/revisions\/10257"}],"wp:attachment":[{"href":"https:\/\/apple.econocom.com\/business\/wp-json\/wp\/v2\/media?parent=1488"}],"curies":[{"name":"wp","href":"https:\/\/api.w.org\/{rel}","templated":true}]}}