{"id":5542,"date":"2022-04-11T11:03:09","date_gmt":"2022-04-11T09:03:09","guid":{"rendered":"https:\/\/apple.econocom.com\/business\/?page_id=5542"},"modified":"2025-12-30T15:09:14","modified_gmt":"2025-12-30T14:09:14","slug":"pourquoi-econocom","status":"publish","type":"page","link":"https:\/\/apple.econocom.com\/business\/pourquoi-econocom\/","title":{"rendered":"pourquoi Econocom"},"content":{"rendered":"","protected":false},"excerpt":{"rendered":"","protected":false},"author":10,"featured_media":0,"parent":0,"menu_order":0,"comment_status":"closed","ping_status":"closed","template":"page-flexible-2022.php","meta":{"_acf_changed":false,"inline_featured_image":false,"footnotes":""},"class_list":["post-5542","page","type-page","status-publish","hentry"],"acf":[],"yoast_head":"<!-- This site is optimized with the Yoast SEO plugin v27.3 - https:\/\/yoast.com\/product\/yoast-seo-wordpress\/ -->\n<title>pourquoi Econocom - Apple Econocom Business<\/title>\n<meta name=\"description\" content=\"Exploitez tout le potentiel d\u2019Apple avec Econocom. Profitez d\u2019un accompagnement expert, d\u2019un d\u00e9ploiement simplifi\u00e9, d\u2019un financement flexible et d\u2019une approche \u00e9coresponsable. D\u00e9couvrez nos solutions Apple adapt\u00e9es \u00e0 votre entreprise.\" \/>\n<meta name=\"robots\" content=\"index, follow, max-snippet:-1, max-image-preview:large, max-video-preview:-1\" \/>\n<link rel=\"canonical\" href=\"https:\/\/apple.econocom.com\/business\/pourquoi-econocom\/\" \/>\n<meta property=\"og:locale\" content=\"fr_FR\" \/>\n<meta property=\"og:type\" content=\"article\" \/>\n<meta property=\"og:title\" content=\"pourquoi Econocom - Apple Econocom Business\" \/>\n<meta property=\"og:description\" content=\"Exploitez tout le potentiel d\u2019Apple avec Econocom. Profitez d\u2019un accompagnement expert, d\u2019un d\u00e9ploiement simplifi\u00e9, d\u2019un financement flexible et d\u2019une approche \u00e9coresponsable. D\u00e9couvrez nos solutions Apple adapt\u00e9es \u00e0 votre entreprise.\" \/>\n<meta property=\"og:url\" content=\"https:\/\/apple.econocom.com\/business\/pourquoi-econocom\/\" \/>\n<meta property=\"og:site_name\" content=\"Apple Econocom Business\" \/>\n<meta property=\"article:modified_time\" content=\"2025-12-30T14:09:14+00:00\" \/>\n<meta name=\"twitter:card\" content=\"summary_large_image\" \/>\n<meta name=\"twitter:label1\" content=\"Dur\u00e9e de lecture estim\u00e9e\" \/>\n\t<meta name=\"twitter:data1\" content=\"6 minutes\" \/>\n<script type=\"application\/ld+json\" class=\"yoast-schema-graph\">{\"@context\":\"https:\\\/\\\/schema.org\",\"@graph\":[{\"@type\":\"WebPage\",\"@id\":\"https:\\\/\\\/apple.econocom.com\\\/business\\\/pourquoi-econocom\\\/\",\"url\":\"https:\\\/\\\/apple.econocom.com\\\/business\\\/pourquoi-econocom\\\/\",\"name\":\"pourquoi Econocom - Apple Econocom Business\",\"isPartOf\":{\"@id\":\"https:\\\/\\\/apple.econocom.com\\\/business\\\/#website\"},\"datePublished\":\"2022-04-11T09:03:09+00:00\",\"dateModified\":\"2025-12-30T14:09:14+00:00\",\"description\":\"Exploitez tout le potentiel d\u2019Apple avec Econocom. Profitez d\u2019un accompagnement expert, d\u2019un d\u00e9ploiement simplifi\u00e9, d\u2019un financement flexible et d\u2019une approche \u00e9coresponsable. D\u00e9couvrez nos solutions Apple adapt\u00e9es \u00e0 votre entreprise.\",\"breadcrumb\":{\"@id\":\"https:\\\/\\\/apple.econocom.com\\\/business\\\/pourquoi-econocom\\\/#breadcrumb\"},\"inLanguage\":\"fr-FR\",\"potentialAction\":[{\"@type\":\"ReadAction\",\"target\":[\"https:\\\/\\\/apple.econocom.com\\\/business\\\/pourquoi-econocom\\\/\"]}]},{\"@type\":\"BreadcrumbList\",\"@id\":\"https:\\\/\\\/apple.econocom.com\\\/business\\\/pourquoi-econocom\\\/#breadcrumb\",\"itemListElement\":[{\"@type\":\"ListItem\",\"position\":1,\"name\":\"Accueil\",\"item\":\"https:\\\/\\\/apple.econocom.com\\\/business\\\/\"},{\"@type\":\"ListItem\",\"position\":2,\"name\":\"pourquoi Econocom\"}]},{\"@type\":\"WebSite\",\"@id\":\"https:\\\/\\\/apple.econocom.com\\\/business\\\/#website\",\"url\":\"https:\\\/\\\/apple.econocom.com\\\/business\\\/\",\"name\":\"Apple Econocom Business\",\"description\":\"econocom - Apple Premium Business Partner\",\"potentialAction\":[{\"@type\":\"SearchAction\",\"target\":{\"@type\":\"EntryPoint\",\"urlTemplate\":\"https:\\\/\\\/apple.econocom.com\\\/business\\\/?s={search_term_string}\"},\"query-input\":{\"@type\":\"PropertyValueSpecification\",\"valueRequired\":true,\"valueName\":\"search_term_string\"}}],\"inLanguage\":\"fr-FR\"}]}<\/script>\n<!-- \/ Yoast SEO plugin. -->","yoast_head_json":{"title":"pourquoi Econocom - Apple Econocom Business","description":"Exploitez tout le potentiel d\u2019Apple avec Econocom. Profitez d\u2019un accompagnement expert, d\u2019un d\u00e9ploiement simplifi\u00e9, d\u2019un financement flexible et d\u2019une approche \u00e9coresponsable. D\u00e9couvrez nos solutions Apple adapt\u00e9es \u00e0 votre entreprise.","robots":{"index":"index","follow":"follow","max-snippet":"max-snippet:-1","max-image-preview":"max-image-preview:large","max-video-preview":"max-video-preview:-1"},"canonical":"https:\/\/apple.econocom.com\/business\/pourquoi-econocom\/","og_locale":"fr_FR","og_type":"article","og_title":"pourquoi Econocom - Apple Econocom Business","og_description":"Exploitez tout le potentiel d\u2019Apple avec Econocom. Profitez d\u2019un accompagnement expert, d\u2019un d\u00e9ploiement simplifi\u00e9, d\u2019un financement flexible et d\u2019une approche \u00e9coresponsable. D\u00e9couvrez nos solutions Apple adapt\u00e9es \u00e0 votre entreprise.","og_url":"https:\/\/apple.econocom.com\/business\/pourquoi-econocom\/","og_site_name":"Apple Econocom Business","article_modified_time":"2025-12-30T14:09:14+00:00","twitter_card":"summary_large_image","twitter_misc":{"Dur\u00e9e de lecture estim\u00e9e":"6 minutes"},"schema":{"@context":"https:\/\/schema.org","@graph":[{"@type":"WebPage","@id":"https:\/\/apple.econocom.com\/business\/pourquoi-econocom\/","url":"https:\/\/apple.econocom.com\/business\/pourquoi-econocom\/","name":"pourquoi Econocom - Apple Econocom Business","isPartOf":{"@id":"https:\/\/apple.econocom.com\/business\/#website"},"datePublished":"2022-04-11T09:03:09+00:00","dateModified":"2025-12-30T14:09:14+00:00","description":"Exploitez tout le potentiel d\u2019Apple avec Econocom. Profitez d\u2019un accompagnement expert, d\u2019un d\u00e9ploiement simplifi\u00e9, d\u2019un financement flexible et d\u2019une approche \u00e9coresponsable. D\u00e9couvrez nos solutions Apple adapt\u00e9es \u00e0 votre entreprise.","breadcrumb":{"@id":"https:\/\/apple.econocom.com\/business\/pourquoi-econocom\/#breadcrumb"},"inLanguage":"fr-FR","potentialAction":[{"@type":"ReadAction","target":["https:\/\/apple.econocom.com\/business\/pourquoi-econocom\/"]}]},{"@type":"BreadcrumbList","@id":"https:\/\/apple.econocom.com\/business\/pourquoi-econocom\/#breadcrumb","itemListElement":[{"@type":"ListItem","position":1,"name":"Accueil","item":"https:\/\/apple.econocom.com\/business\/"},{"@type":"ListItem","position":2,"name":"pourquoi Econocom"}]},{"@type":"WebSite","@id":"https:\/\/apple.econocom.com\/business\/#website","url":"https:\/\/apple.econocom.com\/business\/","name":"Apple Econocom Business","description":"econocom - Apple Premium Business Partner","potentialAction":[{"@type":"SearchAction","target":{"@type":"EntryPoint","urlTemplate":"https:\/\/apple.econocom.com\/business\/?s={search_term_string}"},"query-input":{"@type":"PropertyValueSpecification","valueRequired":true,"valueName":"search_term_string"}}],"inLanguage":"fr-FR"}]}},"_links":{"self":[{"href":"https:\/\/apple.econocom.com\/business\/wp-json\/wp\/v2\/pages\/5542","targetHints":{"allow":["GET"]}}],"collection":[{"href":"https:\/\/apple.econocom.com\/business\/wp-json\/wp\/v2\/pages"}],"about":[{"href":"https:\/\/apple.econocom.com\/business\/wp-json\/wp\/v2\/types\/page"}],"author":[{"embeddable":true,"href":"https:\/\/apple.econocom.com\/business\/wp-json\/wp\/v2\/users\/10"}],"replies":[{"embeddable":true,"href":"https:\/\/apple.econocom.com\/business\/wp-json\/wp\/v2\/comments?post=5542"}],"version-history":[{"count":20,"href":"https:\/\/apple.econocom.com\/business\/wp-json\/wp\/v2\/pages\/5542\/revisions"}],"predecessor-version":[{"id":11265,"href":"https:\/\/apple.econocom.com\/business\/wp-json\/wp\/v2\/pages\/5542\/revisions\/11265"}],"wp:attachment":[{"href":"https:\/\/apple.econocom.com\/business\/wp-json\/wp\/v2\/media?parent=5542"}],"curies":[{"name":"wp","href":"https:\/\/api.w.org\/{rel}","templated":true}]}}