{"id":1184,"date":"2023-09-19T14:24:48","date_gmt":"2023-09-19T12:24:48","guid":{"rendered":"https:\/\/apple.econocom.com\/education\/?page_id=1184"},"modified":"2025-02-18T10:31:14","modified_gmt":"2025-02-18T09:31:14","slug":"enseignement-superieur","status":"publish","type":"page","link":"https:\/\/apple.econocom.com\/education\/enseignement-superieur\/","title":{"rendered":"Enseignement sup\u00e9rieur"},"content":{"rendered":"","protected":false},"excerpt":{"rendered":"","protected":false},"author":15,"featured_media":0,"parent":0,"menu_order":0,"comment_status":"closed","ping_status":"closed","template":"","meta":{"_acf_changed":false,"inline_featured_image":false,"footnotes":""},"class_list":["post-1184","page","type-page","status-publish","hentry"],"acf":[],"yoast_head":"<!-- This site is optimized with the Yoast SEO plugin v27.3 - https:\/\/yoast.com\/product\/yoast-seo-wordpress\/ -->\n<title>Enseignement sup\u00e9rieur - Apple Econocom Education<\/title>\n<meta name=\"description\" content=\"D\u00e9couvrez comment l\u2019innovation p\u00e9dagogique transforme l\u2019enseignement sup\u00e9rieur : des solutions num\u00e9riques pour r\u00e9pondre aux attentes du monde professionnel.\" \/>\n<meta name=\"robots\" content=\"index, follow, max-snippet:-1, max-image-preview:large, max-video-preview:-1\" \/>\n<link rel=\"canonical\" href=\"https:\/\/apple.econocom.com\/education\/enseignement-superieur\/\" \/>\n<meta property=\"og:locale\" content=\"fr_FR\" \/>\n<meta property=\"og:type\" content=\"article\" \/>\n<meta property=\"og:title\" content=\"Enseignement sup\u00e9rieur - Apple Econocom Education\" \/>\n<meta property=\"og:description\" content=\"D\u00e9couvrez comment l\u2019innovation p\u00e9dagogique transforme l\u2019enseignement sup\u00e9rieur : des solutions num\u00e9riques pour r\u00e9pondre aux attentes du monde professionnel.\" \/>\n<meta property=\"og:url\" content=\"https:\/\/apple.econocom.com\/education\/enseignement-superieur\/\" \/>\n<meta property=\"og:site_name\" content=\"Apple Econocom Education\" \/>\n<meta property=\"article:modified_time\" content=\"2025-02-18T09:31:14+00:00\" \/>\n<meta name=\"twitter:card\" content=\"summary_large_image\" \/>\n<meta name=\"twitter:label1\" content=\"Dur\u00e9e de lecture estim\u00e9e\" \/>\n\t<meta name=\"twitter:data1\" content=\"4 minutes\" \/>\n<script type=\"application\/ld+json\" class=\"yoast-schema-graph\">{\"@context\":\"https:\\\/\\\/schema.org\",\"@graph\":[{\"@type\":\"WebPage\",\"@id\":\"https:\\\/\\\/apple.econocom.com\\\/education\\\/enseignement-superieur\\\/\",\"url\":\"https:\\\/\\\/apple.econocom.com\\\/education\\\/enseignement-superieur\\\/\",\"name\":\"Enseignement sup\u00e9rieur - Apple Econocom Education\",\"isPartOf\":{\"@id\":\"https:\\\/\\\/apple.econocom.com\\\/education\\\/#website\"},\"datePublished\":\"2023-09-19T12:24:48+00:00\",\"dateModified\":\"2025-02-18T09:31:14+00:00\",\"description\":\"D\u00e9couvrez comment l\u2019innovation p\u00e9dagogique transforme l\u2019enseignement sup\u00e9rieur : des solutions num\u00e9riques pour r\u00e9pondre aux attentes du monde professionnel.\",\"breadcrumb\":{\"@id\":\"https:\\\/\\\/apple.econocom.com\\\/education\\\/enseignement-superieur\\\/#breadcrumb\"},\"inLanguage\":\"fr-FR\",\"potentialAction\":[{\"@type\":\"ReadAction\",\"target\":[\"https:\\\/\\\/apple.econocom.com\\\/education\\\/enseignement-superieur\\\/\"]}]},{\"@type\":\"BreadcrumbList\",\"@id\":\"https:\\\/\\\/apple.econocom.com\\\/education\\\/enseignement-superieur\\\/#breadcrumb\",\"itemListElement\":[{\"@type\":\"ListItem\",\"position\":1,\"name\":\"Accueil\",\"item\":\"https:\\\/\\\/apple.econocom.com\\\/education\\\/\"},{\"@type\":\"ListItem\",\"position\":2,\"name\":\"Enseignement sup\u00e9rieur\"}]},{\"@type\":\"WebSite\",\"@id\":\"https:\\\/\\\/apple.econocom.com\\\/education\\\/#website\",\"url\":\"https:\\\/\\\/apple.econocom.com\\\/education\\\/\",\"name\":\"Apple Econocom Education\",\"description\":\"\",\"potentialAction\":[{\"@type\":\"SearchAction\",\"target\":{\"@type\":\"EntryPoint\",\"urlTemplate\":\"https:\\\/\\\/apple.econocom.com\\\/education\\\/?s={search_term_string}\"},\"query-input\":{\"@type\":\"PropertyValueSpecification\",\"valueRequired\":true,\"valueName\":\"search_term_string\"}}],\"inLanguage\":\"fr-FR\"}]}<\/script>\n<!-- \/ Yoast SEO plugin. -->","yoast_head_json":{"title":"Enseignement sup\u00e9rieur - Apple Econocom Education","description":"D\u00e9couvrez comment l\u2019innovation p\u00e9dagogique transforme l\u2019enseignement sup\u00e9rieur : des solutions num\u00e9riques pour r\u00e9pondre aux attentes du monde professionnel.","robots":{"index":"index","follow":"follow","max-snippet":"max-snippet:-1","max-image-preview":"max-image-preview:large","max-video-preview":"max-video-preview:-1"},"canonical":"https:\/\/apple.econocom.com\/education\/enseignement-superieur\/","og_locale":"fr_FR","og_type":"article","og_title":"Enseignement sup\u00e9rieur - Apple Econocom Education","og_description":"D\u00e9couvrez comment l\u2019innovation p\u00e9dagogique transforme l\u2019enseignement sup\u00e9rieur : des solutions num\u00e9riques pour r\u00e9pondre aux attentes du monde professionnel.","og_url":"https:\/\/apple.econocom.com\/education\/enseignement-superieur\/","og_site_name":"Apple Econocom Education","article_modified_time":"2025-02-18T09:31:14+00:00","twitter_card":"summary_large_image","twitter_misc":{"Dur\u00e9e de lecture estim\u00e9e":"4 minutes"},"schema":{"@context":"https:\/\/schema.org","@graph":[{"@type":"WebPage","@id":"https:\/\/apple.econocom.com\/education\/enseignement-superieur\/","url":"https:\/\/apple.econocom.com\/education\/enseignement-superieur\/","name":"Enseignement sup\u00e9rieur - Apple Econocom Education","isPartOf":{"@id":"https:\/\/apple.econocom.com\/education\/#website"},"datePublished":"2023-09-19T12:24:48+00:00","dateModified":"2025-02-18T09:31:14+00:00","description":"D\u00e9couvrez comment l\u2019innovation p\u00e9dagogique transforme l\u2019enseignement sup\u00e9rieur : des solutions num\u00e9riques pour r\u00e9pondre aux attentes du monde professionnel.","breadcrumb":{"@id":"https:\/\/apple.econocom.com\/education\/enseignement-superieur\/#breadcrumb"},"inLanguage":"fr-FR","potentialAction":[{"@type":"ReadAction","target":["https:\/\/apple.econocom.com\/education\/enseignement-superieur\/"]}]},{"@type":"BreadcrumbList","@id":"https:\/\/apple.econocom.com\/education\/enseignement-superieur\/#breadcrumb","itemListElement":[{"@type":"ListItem","position":1,"name":"Accueil","item":"https:\/\/apple.econocom.com\/education\/"},{"@type":"ListItem","position":2,"name":"Enseignement sup\u00e9rieur"}]},{"@type":"WebSite","@id":"https:\/\/apple.econocom.com\/education\/#website","url":"https:\/\/apple.econocom.com\/education\/","name":"Apple Econocom Education","description":"","potentialAction":[{"@type":"SearchAction","target":{"@type":"EntryPoint","urlTemplate":"https:\/\/apple.econocom.com\/education\/?s={search_term_string}"},"query-input":{"@type":"PropertyValueSpecification","valueRequired":true,"valueName":"search_term_string"}}],"inLanguage":"fr-FR"}]}},"_links":{"self":[{"href":"https:\/\/apple.econocom.com\/education\/wp-json\/wp\/v2\/pages\/1184","targetHints":{"allow":["GET"]}}],"collection":[{"href":"https:\/\/apple.econocom.com\/education\/wp-json\/wp\/v2\/pages"}],"about":[{"href":"https:\/\/apple.econocom.com\/education\/wp-json\/wp\/v2\/types\/page"}],"author":[{"embeddable":true,"href":"https:\/\/apple.econocom.com\/education\/wp-json\/wp\/v2\/users\/15"}],"replies":[{"embeddable":true,"href":"https:\/\/apple.econocom.com\/education\/wp-json\/wp\/v2\/comments?post=1184"}],"version-history":[{"count":1,"href":"https:\/\/apple.econocom.com\/education\/wp-json\/wp\/v2\/pages\/1184\/revisions"}],"predecessor-version":[{"id":3689,"href":"https:\/\/apple.econocom.com\/education\/wp-json\/wp\/v2\/pages\/1184\/revisions\/3689"}],"wp:attachment":[{"href":"https:\/\/apple.econocom.com\/education\/wp-json\/wp\/v2\/media?parent=1184"}],"curies":[{"name":"wp","href":"https:\/\/api.w.org\/{rel}","templated":true}]}}