{"id":1269,"date":"2023-09-28T12:04:34","date_gmt":"2023-09-28T10:04:34","guid":{"rendered":"https:\/\/apple.econocom.com\/education\/?page_id=1269"},"modified":"2025-02-19T11:53:47","modified_gmt":"2025-02-19T10:53:47","slug":"le-mac-en-classe","status":"publish","type":"page","link":"https:\/\/apple.econocom.com\/education\/le-mac-en-classe\/","title":{"rendered":"Le Mac en classe"},"content":{"rendered":"","protected":false},"excerpt":{"rendered":"","protected":false},"author":15,"featured_media":0,"parent":0,"menu_order":0,"comment_status":"closed","ping_status":"closed","template":"page-flexible-2022.php","meta":{"_acf_changed":false,"inline_featured_image":false,"footnotes":""},"class_list":["post-1269","page","type-page","status-publish","hentry"],"acf":[],"yoast_head":"<!-- This site is optimized with the Yoast SEO plugin v27.3 - https:\/\/yoast.com\/product\/yoast-seo-wordpress\/ -->\n<title>Le Mac en classe - Apple Econocom Education<\/title>\n<meta name=\"description\" content=\"Le Mac, l&#039;outil id\u00e9al pour l&#039;\u00e9ducation : puissant, con\u00e7u pour aider enseignants et \u00e9l\u00e8ves \u00e0 cr\u00e9er, apprendre et collaborer de mani\u00e8re innovante.\" \/>\n<meta name=\"robots\" content=\"index, follow, max-snippet:-1, max-image-preview:large, max-video-preview:-1\" \/>\n<link rel=\"canonical\" href=\"https:\/\/apple.econocom.com\/education\/le-mac-en-classe\/\" \/>\n<meta property=\"og:locale\" content=\"fr_FR\" \/>\n<meta property=\"og:type\" content=\"article\" \/>\n<meta property=\"og:title\" content=\"Le Mac en classe - Apple Econocom Education\" \/>\n<meta property=\"og:description\" content=\"Le Mac, l&#039;outil id\u00e9al pour l&#039;\u00e9ducation : puissant, con\u00e7u pour aider enseignants et \u00e9l\u00e8ves \u00e0 cr\u00e9er, apprendre et collaborer de mani\u00e8re innovante.\" \/>\n<meta property=\"og:url\" content=\"https:\/\/apple.econocom.com\/education\/le-mac-en-classe\/\" \/>\n<meta property=\"og:site_name\" content=\"Apple Econocom Education\" \/>\n<meta property=\"article:modified_time\" content=\"2025-02-19T10:53:47+00:00\" \/>\n<meta name=\"twitter:card\" content=\"summary_large_image\" \/>\n<meta name=\"twitter:label1\" content=\"Dur\u00e9e de lecture estim\u00e9e\" \/>\n\t<meta name=\"twitter:data1\" content=\"6 minutes\" \/>\n<script type=\"application\/ld+json\" class=\"yoast-schema-graph\">{\"@context\":\"https:\\\/\\\/schema.org\",\"@graph\":[{\"@type\":\"WebPage\",\"@id\":\"https:\\\/\\\/apple.econocom.com\\\/education\\\/le-mac-en-classe\\\/\",\"url\":\"https:\\\/\\\/apple.econocom.com\\\/education\\\/le-mac-en-classe\\\/\",\"name\":\"Le Mac en classe - Apple Econocom Education\",\"isPartOf\":{\"@id\":\"https:\\\/\\\/apple.econocom.com\\\/education\\\/#website\"},\"datePublished\":\"2023-09-28T10:04:34+00:00\",\"dateModified\":\"2025-02-19T10:53:47+00:00\",\"description\":\"Le Mac, l'outil id\u00e9al pour l'\u00e9ducation : puissant, con\u00e7u pour aider enseignants et \u00e9l\u00e8ves \u00e0 cr\u00e9er, apprendre et collaborer de mani\u00e8re innovante.\",\"breadcrumb\":{\"@id\":\"https:\\\/\\\/apple.econocom.com\\\/education\\\/le-mac-en-classe\\\/#breadcrumb\"},\"inLanguage\":\"fr-FR\",\"potentialAction\":[{\"@type\":\"ReadAction\",\"target\":[\"https:\\\/\\\/apple.econocom.com\\\/education\\\/le-mac-en-classe\\\/\"]}]},{\"@type\":\"BreadcrumbList\",\"@id\":\"https:\\\/\\\/apple.econocom.com\\\/education\\\/le-mac-en-classe\\\/#breadcrumb\",\"itemListElement\":[{\"@type\":\"ListItem\",\"position\":1,\"name\":\"Accueil\",\"item\":\"https:\\\/\\\/apple.econocom.com\\\/education\\\/\"},{\"@type\":\"ListItem\",\"position\":2,\"name\":\"Le Mac en classe\"}]},{\"@type\":\"WebSite\",\"@id\":\"https:\\\/\\\/apple.econocom.com\\\/education\\\/#website\",\"url\":\"https:\\\/\\\/apple.econocom.com\\\/education\\\/\",\"name\":\"Apple Econocom Education\",\"description\":\"\",\"potentialAction\":[{\"@type\":\"SearchAction\",\"target\":{\"@type\":\"EntryPoint\",\"urlTemplate\":\"https:\\\/\\\/apple.econocom.com\\\/education\\\/?s={search_term_string}\"},\"query-input\":{\"@type\":\"PropertyValueSpecification\",\"valueRequired\":true,\"valueName\":\"search_term_string\"}}],\"inLanguage\":\"fr-FR\"}]}<\/script>\n<!-- \/ Yoast SEO plugin. -->","yoast_head_json":{"title":"Le Mac en classe - Apple Econocom Education","description":"Le Mac, l'outil id\u00e9al pour l'\u00e9ducation : puissant, con\u00e7u pour aider enseignants et \u00e9l\u00e8ves \u00e0 cr\u00e9er, apprendre et collaborer de mani\u00e8re innovante.","robots":{"index":"index","follow":"follow","max-snippet":"max-snippet:-1","max-image-preview":"max-image-preview:large","max-video-preview":"max-video-preview:-1"},"canonical":"https:\/\/apple.econocom.com\/education\/le-mac-en-classe\/","og_locale":"fr_FR","og_type":"article","og_title":"Le Mac en classe - Apple Econocom Education","og_description":"Le Mac, l'outil id\u00e9al pour l'\u00e9ducation : puissant, con\u00e7u pour aider enseignants et \u00e9l\u00e8ves \u00e0 cr\u00e9er, apprendre et collaborer de mani\u00e8re innovante.","og_url":"https:\/\/apple.econocom.com\/education\/le-mac-en-classe\/","og_site_name":"Apple Econocom Education","article_modified_time":"2025-02-19T10:53:47+00:00","twitter_card":"summary_large_image","twitter_misc":{"Dur\u00e9e de lecture estim\u00e9e":"6 minutes"},"schema":{"@context":"https:\/\/schema.org","@graph":[{"@type":"WebPage","@id":"https:\/\/apple.econocom.com\/education\/le-mac-en-classe\/","url":"https:\/\/apple.econocom.com\/education\/le-mac-en-classe\/","name":"Le Mac en classe - Apple Econocom Education","isPartOf":{"@id":"https:\/\/apple.econocom.com\/education\/#website"},"datePublished":"2023-09-28T10:04:34+00:00","dateModified":"2025-02-19T10:53:47+00:00","description":"Le Mac, l'outil id\u00e9al pour l'\u00e9ducation : puissant, con\u00e7u pour aider enseignants et \u00e9l\u00e8ves \u00e0 cr\u00e9er, apprendre et collaborer de mani\u00e8re innovante.","breadcrumb":{"@id":"https:\/\/apple.econocom.com\/education\/le-mac-en-classe\/#breadcrumb"},"inLanguage":"fr-FR","potentialAction":[{"@type":"ReadAction","target":["https:\/\/apple.econocom.com\/education\/le-mac-en-classe\/"]}]},{"@type":"BreadcrumbList","@id":"https:\/\/apple.econocom.com\/education\/le-mac-en-classe\/#breadcrumb","itemListElement":[{"@type":"ListItem","position":1,"name":"Accueil","item":"https:\/\/apple.econocom.com\/education\/"},{"@type":"ListItem","position":2,"name":"Le Mac en classe"}]},{"@type":"WebSite","@id":"https:\/\/apple.econocom.com\/education\/#website","url":"https:\/\/apple.econocom.com\/education\/","name":"Apple Econocom Education","description":"","potentialAction":[{"@type":"SearchAction","target":{"@type":"EntryPoint","urlTemplate":"https:\/\/apple.econocom.com\/education\/?s={search_term_string}"},"query-input":{"@type":"PropertyValueSpecification","valueRequired":true,"valueName":"search_term_string"}}],"inLanguage":"fr-FR"}]}},"_links":{"self":[{"href":"https:\/\/apple.econocom.com\/education\/wp-json\/wp\/v2\/pages\/1269","targetHints":{"allow":["GET"]}}],"collection":[{"href":"https:\/\/apple.econocom.com\/education\/wp-json\/wp\/v2\/pages"}],"about":[{"href":"https:\/\/apple.econocom.com\/education\/wp-json\/wp\/v2\/types\/page"}],"author":[{"embeddable":true,"href":"https:\/\/apple.econocom.com\/education\/wp-json\/wp\/v2\/users\/15"}],"replies":[{"embeddable":true,"href":"https:\/\/apple.econocom.com\/education\/wp-json\/wp\/v2\/comments?post=1269"}],"version-history":[{"count":1,"href":"https:\/\/apple.econocom.com\/education\/wp-json\/wp\/v2\/pages\/1269\/revisions"}],"predecessor-version":[{"id":3739,"href":"https:\/\/apple.econocom.com\/education\/wp-json\/wp\/v2\/pages\/1269\/revisions\/3739"}],"wp:attachment":[{"href":"https:\/\/apple.econocom.com\/education\/wp-json\/wp\/v2\/media?parent=1269"}],"curies":[{"name":"wp","href":"https:\/\/api.w.org\/{rel}","templated":true}]}}