{"id":96,"date":"2023-07-24T15:00:11","date_gmt":"2023-07-24T13:00:11","guid":{"rendered":"https:\/\/apple.econocom.com\/education\/?page_id=96"},"modified":"2023-07-24T15:00:11","modified_gmt":"2023-07-24T13:00:11","slug":"mentions-legales","status":"publish","type":"page","link":"https:\/\/apple.econocom.com\/education\/mentions-legales\/","title":{"rendered":"Mentions L\u00e9gales"},"content":{"rendered":"<p><strong>Raison sociale\u00a0<\/strong>: ECONOCOM<\/p>\n<p><strong>Statut juridique\u00a0<\/strong>: SAS (soci\u00e9t\u00e9 par actions simplifi\u00e9e) au capital de 93 351 674 euros<\/p>\n<p><strong>Si\u00e8ge social\u00a0<\/strong>: 40 Quai de Dion Bouton 92 800 Puteaux FRANCE &#8211; 326 966 777 RCS Nanterre<\/p>\n<p><strong>H\u00e9bergement\u00a0<\/strong>:\u00a0<u>Alter way<\/u><\/p>\n<p><strong>R\u00e9alisation :<\/strong>\u00a0 Le Monde Change &#8211; <a href=\"https:\/\/www.lemondechange.fr\/\" target=\"_blank\" rel=\"noopener\">www.lemondechange.fr<\/a><\/p>\n<p>L\u2019utilisation de ce site Web entra\u00eene l\u2019acceptation des conditions ci-dessous expos\u00e9es.<br \/>\nPour toute information li\u00e9e \u00e0 son fonctionnement ou son utilisation, vous pouvez adresser un mail \u00e0 son\u00a0administrateur.<\/p>\n<p>Propri\u00e9t\u00e9 Intellectuelle<\/p>\n<p>La structure g\u00e9n\u00e9rale, ainsi que les textes, photos, images et sons composant ce site sont la propri\u00e9t\u00e9 d\u2019Econocom, sauf pour certains \u00e9l\u00e9ments qui sont la propri\u00e9t\u00e9 de tiers partenaires d\u2019Econocom. Toute reproduction, totale ou partielle, de ce site ou d\u2019un ou de plusieurs de ses composants, par quelque proc\u00e9d\u00e9 que ce soit, sans autorisation expresse d\u2019Econocom, est interdite, et constituerait une contrefa\u00e7on sanctionn\u00e9e par les articles L.335-2 et suivants du Code de la propri\u00e9t\u00e9 intellectuelle.<\/p>\n<p>Les informations, pictogrammes, photographies, images, textes, s\u00e9quences vid\u00e9o, anim\u00e9es sonores ou non, et autres documents accessibles sur le pr\u00e9sent site Internet sont soumis aux lois prot\u00e9geant le droit d\u2019auteur et au respect des droits de propri\u00e9t\u00e9 industrielle et\/ou intellectuelle et sont selon les cas, propri\u00e9t\u00e9 d\u2019Econocom ou de tiers ayant autoris\u00e9 limitativement Econocom, ou l\u2019une de ses filiales, \u00e0 les utiliser. A ce titre, toute reproduction, repr\u00e9sentation, adaptation, traduction et\/ou transformation, partielle ou int\u00e9grale, ou transfert sur un autre site sont interdits. La copie \u00e0 usage priv\u00e9 de ces diff\u00e9rents objets de droits est autoris\u00e9e. Leur reproduction partielle ou int\u00e9grale, sans l\u2019accord pr\u00e9alable et \u00e9crit d\u2019Econocom, est strictement interdit, \u00e0 l\u2019exception de celles r\u00e9alis\u00e9es pour les besoins de la presse.<\/p>\n<p>Les marques et logos du groupe Econocom figurant sur le site sont des marques et des logos d\u00e9pos\u00e9s. Toute reproduction totale ou partielle de ces marques ou logos sans autorisation pr\u00e9alable et \u00e9crite du groupe Econocom est prohib\u00e9e.<\/p>\n<p>Les liens hypertextes externes mis en place dans le cadre du pr\u00e9sent site et les contenus des sites de tiers vers lesquels ils pointent ne sauraient engager la responsabilit\u00e9 d\u2019Econocom.<\/p>\n<p>Donn\u00e9es personnelles<\/p>\n<p>Conform\u00e9ment \u00e0 la loi N\u00b0 78-17 du 6 janvier 1978 relative \u00e0 l\u2019informatique, aux fichiers et aux libert\u00e9s modifi\u00e9e par la loi N\u00b0 2004-801 du 6 ao\u00fbt 2004, ce site Web a \u00e9t\u00e9 enregistr\u00e9 dans la liste des bases de donn\u00e9es personnelles du groupe Econocom.<\/p>\n<p>Ces donn\u00e9es ont \u00e9t\u00e9 obtenues et trait\u00e9es loyalement et licitement dans le respect de la\u00a0<a href=\"https:\/\/www.econocom.com\/fr\/charte-de-confidentialite\" target=\"_blank\" rel=\"noopener\">Charte de confidentialit\u00e9 d\u2019Econocom<\/a>. Elles sont destin\u00e9es \u00e0 Econocom et ne sauraient \u00eatre transmises \u00e0 un tiers.<\/p>\n<p>&nbsp;<\/p>\n<p>Lorsque vous visitez et\/ou utilisez le Site, vos donn\u00e9es \u00e0 caract\u00e8re personnel font l\u2019objet d\u2019un traitement informatique dont Econocom est le destinataire. Econocom ne divulgue de donn\u00e9es \u00e0 caract\u00e8re personnel \u00e0 des administrations officielles que sous la contrainte de la loi.<\/p>\n<p>Les traitements mis en \u0153uvre par Econocom poursuivent uniquement les finalit\u00e9s suivantes\u00a0:<\/p>\n<ul>\n<li>La s\u00e9curit\u00e9 et l\u2019am\u00e9lioration du Site\u00a0;<\/li>\n<li>La gestion des r\u00e9ponses aux demandes adress\u00e9es via le formulaire contact ;<\/li>\n<li>L\u2019analyse de la fr\u00e9quentation du Site, par le biais de cookies (voir la politique de cookies ci-dessous)\u00a0;<\/li>\n<li>L\u2019envoi d\u2019une newsletter personnalis\u00e9e de laquelle vous pouvez vous d\u00e9sinscrire \u00e0 tout moment\u00a0;<\/li>\n<li>La r\u00e9alisation d\u2019enqu\u00eates associ\u00e9es \u00e0 des produits ou \u00e0 des fins marketing, et uniquement dans la mesure n\u00e9cessaire \u00e0 cet usage pr\u00e9cis.<\/li>\n<\/ul>\n<p>Les donn\u00e9es \u00e0 caract\u00e8re personnel ne sont pas conserv\u00e9es au-del\u00e0 de la dur\u00e9e strictement n\u00e9cessaire \u00e0 la r\u00e9alisation de la finalit\u00e9 ainsi poursuivie. Elles sont conserv\u00e9es pour une dur\u00e9e maximale de 3 ans apr\u00e8s la fin des relations entre vous et Econocom. Conform\u00e9ment aux recommandations de la Commission Nationale de l\u2019Informatique et des Libert\u00e9s (CNIL), les donn\u00e9es collect\u00e9es et trait\u00e9es \u00e0 des fins marketing sont supprim\u00e9es 3 ans apr\u00e8s la derni\u00e8re sollicitation rest\u00e9e sans r\u00e9ponse de votre part.<\/p>\n<p>Conform\u00e9ment \u00e0 la loi\u00a0\u00a0Informatique et Libert\u00e9s, vous disposez d\u2019un droit d\u2019acc\u00e8s, de rectification, de modification et de suppression, en cas d\u2019inexactitude, sur les donn\u00e9es qui vous concernent ainsi que d\u2019un droit de limitation et d\u2019opposition pour des motifs l\u00e9gitimes. Vous disposez \u00e9galement du droit de retirer votre consentement (sans qu\u2019il soit port\u00e9 atteinte \u00e0 la lic\u00e9it\u00e9 du traitement pr\u00e9alablement consenti).<\/p>\n<p>Vous pouvez exercer vos droits par l\u2019envoi d\u2019un courriel \u00e0 l\u2019adresse\u00a0contact@econocom.com en joignant la copie de votre pi\u00e8ce d\u2019identit\u00e9 (au format GIF, JPG, PNG, PDF, maximum 2MB) ou d\u2019un courrier postal \u00e0 Econocom + contact et adresse accompagn\u00e9 de la copie d\u2019une pi\u00e8ce d\u2019identit\u00e9.<\/p>\n<p>Toute \u00e9ventuelle r\u00e9clamation devra s\u2019exercer aupr\u00e8s de la CNIL notamment sur son site internet www.cnil.fr.<\/p>\n<p><em>Transfert vers des pays tiers<\/em><\/p>\n<p>Les donn\u00e9es \u00e0 caract\u00e8re personnel ne sont pas h\u00e9berg\u00e9es ni transf\u00e9r\u00e9es dans un pays tiers \u00e0 l\u2019Union europ\u00e9enne n\u2019assurant pas un niveau de protection ad\u00e9quat.<\/p>\n<h3><\/h3>\n<h3>Cookies<\/h3>\n<p>Le Site installe des cookies, fichiers de taille limit\u00e9e d\u00e9pos\u00e9s sur le disque dur de votre ordinateur par le serveur du Site que vous visitez et\/ou utilisez (pour en savoir plus sur les cookies, leur fonctionnement et les moyens de s\u2019y opposer, voir le site de la CNIL\u00a0<a href=\"http:\/\/www.cnil.fr\/\" target=\"_blank\" rel=\"noopener\">www.cnil.fr<\/a>\u00a0ou cliquer sur le lien suivant [<a href=\"https:\/\/www.cnil.fr\/node\/337\" target=\"_blank\" rel=\"noopener\">https:\/\/www.cnil.fr\/node\/337<\/a>].<\/p>\n<p>Ces cookies ont pour objet d\u2019enregistrer les informations relatives \u00e0 la navigation sur le Site afin de faciliter l\u2019acc\u00e8s aux contenus.<\/p>\n<p>Les cookies de session sont des cookies qui ne sont conserv\u00e9s que le temps de la session de navigation et sont automatiquement supprim\u00e9s lorsque vous fermez le navigateur, alors qu\u2019un cookie persistant reste stock\u00e9 dans votre ordinateur jusqu\u2019\u00e0 sa date d\u2019expiration. Les cookies utilis\u00e9s sur le Site sont conserv\u00e9s pour une dur\u00e9e maximale de 6 (six) mois.<\/p>\n<p>Il est possible de supprimer les cookies \u00e0 l\u2019issue de chaque session de navigation, ou encore de vous opposer \u00e0 l\u2019enregistrement de ces cookies en modifiant la configuration de votre navigateur en suivant les instructions ci-dessous. Il est toutefois rappel\u00e9 que, pour b\u00e9n\u00e9ficier pleinement des fonctionnalit\u00e9s du Site, l\u2019activation des cookies est requise.<\/p>\n<ul>\n<li><a href=\"http:\/\/windows.microsoft.com\/fr-fr\/windows-vista\/block-or-allow-cookies\" target=\"_blank\" rel=\"noopener\">Param\u00e8tres des cookies dans Internet Explorer<\/a><\/li>\n<li><a href=\"https:\/\/support.mozilla.org\/fr\/kb\/cookies-informations-sites-enregistrent?redirectlocale=en-US&amp;redirectslug=Cookies\" target=\"_blank\" rel=\"noopener\">Param\u00e8tres des cookies dans Firefox<\/a><\/li>\n<li><a href=\"https:\/\/support.google.com\/chrome\/answer\/95647?hl=fr\" target=\"_blank\" rel=\"noopener\">Param\u00e8tres des cookies dans Google Chrome<\/a><\/li>\n<li><a href=\"http:\/\/support.apple.com\/fr-fr\/HT1677\" target=\"_blank\" rel=\"noopener\">Param\u00e8tres des cookies dans Safari<\/a><\/li>\n<\/ul>\n<p>Econocom est susceptible de cr\u00e9er des profils d\u2019utilisateurs pseudonymis\u00e9s conform\u00e9ment \u00e0 la l\u00e9gislation en vigueur, \u00e0 des fins d\u2019analyse du comportement des internautes.<\/p>\n<p>&nbsp;<\/p>\n<p>Limitation de responsabilit\u00e9<\/p>\n<p>Les informations et documents pr\u00e9sents sur ce site Web n\u2019ont pas de caract\u00e8re contractuel et ne sauraient engager Econocom ou ses filiales, au titre de prestations de services ou de conseil rendus aux utilisateurs du pr\u00e9sent site.<\/p>\n<p>Econocom n\u2019apporte aucune garantie sur l\u2019utilisation des informations pr\u00e9sentes sur son site et ne saurait en cons\u00e9quence en aucun cas \u00eatre tenue responsable des dommages r\u00e9sultant de l\u2019utilisation qui pourrait en \u00eatre faite, ni d\u2019erreurs ou d\u2019omissions dans les informations pr\u00e9sent\u00e9s ou de dysfonctionnement dans l\u2019acc\u00e8s \u00e0 ces informations.<\/p>\n<p>Les risques li\u00e9s \u00e0 leur utilisation incombent donc exclusivement \u00e0 leurs utilisateurs qui prendront soin de se conformer \u00e0 leurs conditions d&rsquo;utilisation respectives.<\/p>\n<p>&nbsp;<\/p>\n","protected":false},"excerpt":{"rendered":"<p class=\"excerpt\">Raison sociale\u00a0: ECONOCOM Statut juridique\u00a0: SAS (soci\u00e9t\u00e9 par actions simplifi\u00e9e) au capital de 93 351 [&hellip;]<\/p>\n","protected":false},"author":10,"featured_media":0,"parent":0,"menu_order":0,"comment_status":"closed","ping_status":"closed","template":"","meta":{"_acf_changed":false,"inline_featured_image":false,"footnotes":""},"class_list":["post-96","page","type-page","status-publish","hentry"],"acf":[],"yoast_head":"<!-- This site is optimized with the Yoast SEO plugin v27.3 - https:\/\/yoast.com\/product\/yoast-seo-wordpress\/ -->\n<title>Mentions L\u00e9gales - Apple Econocom Education<\/title>\n<meta name=\"robots\" content=\"index, follow, max-snippet:-1, max-image-preview:large, max-video-preview:-1\" \/>\n<link rel=\"canonical\" href=\"https:\/\/apple.econocom.com\/education\/mentions-legales\/\" \/>\n<meta property=\"og:locale\" content=\"fr_FR\" \/>\n<meta property=\"og:type\" content=\"article\" \/>\n<meta property=\"og:title\" content=\"Mentions L\u00e9gales - Apple Econocom Education\" \/>\n<meta property=\"og:description\" content=\"Raison sociale\u00a0: ECONOCOM Statut juridique\u00a0: SAS (soci\u00e9t\u00e9 par actions simplifi\u00e9e) au capital de 93 351 [&hellip;]\" \/>\n<meta property=\"og:url\" content=\"https:\/\/apple.econocom.com\/education\/mentions-legales\/\" \/>\n<meta property=\"og:site_name\" content=\"Apple Econocom Education\" \/>\n<meta name=\"twitter:card\" content=\"summary_large_image\" \/>\n<meta name=\"twitter:label1\" content=\"Dur\u00e9e de lecture estim\u00e9e\" \/>\n\t<meta name=\"twitter:data1\" content=\"6 minutes\" \/>\n<script type=\"application\/ld+json\" class=\"yoast-schema-graph\">{\"@context\":\"https:\\\/\\\/schema.org\",\"@graph\":[{\"@type\":\"WebPage\",\"@id\":\"https:\\\/\\\/apple.econocom.com\\\/education\\\/mentions-legales\\\/\",\"url\":\"https:\\\/\\\/apple.econocom.com\\\/education\\\/mentions-legales\\\/\",\"name\":\"Mentions L\u00e9gales - Apple Econocom Education\",\"isPartOf\":{\"@id\":\"https:\\\/\\\/apple.econocom.com\\\/education\\\/#website\"},\"datePublished\":\"2023-07-24T13:00:11+00:00\",\"breadcrumb\":{\"@id\":\"https:\\\/\\\/apple.econocom.com\\\/education\\\/mentions-legales\\\/#breadcrumb\"},\"inLanguage\":\"fr-FR\",\"potentialAction\":[{\"@type\":\"ReadAction\",\"target\":[\"https:\\\/\\\/apple.econocom.com\\\/education\\\/mentions-legales\\\/\"]}]},{\"@type\":\"BreadcrumbList\",\"@id\":\"https:\\\/\\\/apple.econocom.com\\\/education\\\/mentions-legales\\\/#breadcrumb\",\"itemListElement\":[{\"@type\":\"ListItem\",\"position\":1,\"name\":\"Accueil\",\"item\":\"https:\\\/\\\/apple.econocom.com\\\/education\\\/\"},{\"@type\":\"ListItem\",\"position\":2,\"name\":\"Mentions L\u00e9gales\"}]},{\"@type\":\"WebSite\",\"@id\":\"https:\\\/\\\/apple.econocom.com\\\/education\\\/#website\",\"url\":\"https:\\\/\\\/apple.econocom.com\\\/education\\\/\",\"name\":\"Apple Econocom Education\",\"description\":\"\",\"potentialAction\":[{\"@type\":\"SearchAction\",\"target\":{\"@type\":\"EntryPoint\",\"urlTemplate\":\"https:\\\/\\\/apple.econocom.com\\\/education\\\/?s={search_term_string}\"},\"query-input\":{\"@type\":\"PropertyValueSpecification\",\"valueRequired\":true,\"valueName\":\"search_term_string\"}}],\"inLanguage\":\"fr-FR\"}]}<\/script>\n<!-- \/ Yoast SEO plugin. -->","yoast_head_json":{"title":"Mentions L\u00e9gales - Apple Econocom Education","robots":{"index":"index","follow":"follow","max-snippet":"max-snippet:-1","max-image-preview":"max-image-preview:large","max-video-preview":"max-video-preview:-1"},"canonical":"https:\/\/apple.econocom.com\/education\/mentions-legales\/","og_locale":"fr_FR","og_type":"article","og_title":"Mentions L\u00e9gales - Apple Econocom Education","og_description":"Raison sociale\u00a0: ECONOCOM Statut juridique\u00a0: SAS (soci\u00e9t\u00e9 par actions simplifi\u00e9e) au capital de 93 351 [&hellip;]","og_url":"https:\/\/apple.econocom.com\/education\/mentions-legales\/","og_site_name":"Apple Econocom Education","twitter_card":"summary_large_image","twitter_misc":{"Dur\u00e9e de lecture estim\u00e9e":"6 minutes"},"schema":{"@context":"https:\/\/schema.org","@graph":[{"@type":"WebPage","@id":"https:\/\/apple.econocom.com\/education\/mentions-legales\/","url":"https:\/\/apple.econocom.com\/education\/mentions-legales\/","name":"Mentions L\u00e9gales - Apple Econocom Education","isPartOf":{"@id":"https:\/\/apple.econocom.com\/education\/#website"},"datePublished":"2023-07-24T13:00:11+00:00","breadcrumb":{"@id":"https:\/\/apple.econocom.com\/education\/mentions-legales\/#breadcrumb"},"inLanguage":"fr-FR","potentialAction":[{"@type":"ReadAction","target":["https:\/\/apple.econocom.com\/education\/mentions-legales\/"]}]},{"@type":"BreadcrumbList","@id":"https:\/\/apple.econocom.com\/education\/mentions-legales\/#breadcrumb","itemListElement":[{"@type":"ListItem","position":1,"name":"Accueil","item":"https:\/\/apple.econocom.com\/education\/"},{"@type":"ListItem","position":2,"name":"Mentions L\u00e9gales"}]},{"@type":"WebSite","@id":"https:\/\/apple.econocom.com\/education\/#website","url":"https:\/\/apple.econocom.com\/education\/","name":"Apple Econocom Education","description":"","potentialAction":[{"@type":"SearchAction","target":{"@type":"EntryPoint","urlTemplate":"https:\/\/apple.econocom.com\/education\/?s={search_term_string}"},"query-input":{"@type":"PropertyValueSpecification","valueRequired":true,"valueName":"search_term_string"}}],"inLanguage":"fr-FR"}]}},"_links":{"self":[{"href":"https:\/\/apple.econocom.com\/education\/wp-json\/wp\/v2\/pages\/96","targetHints":{"allow":["GET"]}}],"collection":[{"href":"https:\/\/apple.econocom.com\/education\/wp-json\/wp\/v2\/pages"}],"about":[{"href":"https:\/\/apple.econocom.com\/education\/wp-json\/wp\/v2\/types\/page"}],"author":[{"embeddable":true,"href":"https:\/\/apple.econocom.com\/education\/wp-json\/wp\/v2\/users\/10"}],"replies":[{"embeddable":true,"href":"https:\/\/apple.econocom.com\/education\/wp-json\/wp\/v2\/comments?post=96"}],"version-history":[{"count":0,"href":"https:\/\/apple.econocom.com\/education\/wp-json\/wp\/v2\/pages\/96\/revisions"}],"wp:attachment":[{"href":"https:\/\/apple.econocom.com\/education\/wp-json\/wp\/v2\/media?parent=96"}],"curies":[{"name":"wp","href":"https:\/\/api.w.org\/{rel}","templated":true}]}}